{"id":12,"date":"2019-04-22T09:42:16","date_gmt":"2019-04-22T07:42:16","guid":{"rendered":"http:\/\/fhperfekt.pl\/?page_id=12"},"modified":"2019-11-08T21:06:21","modified_gmt":"2019-11-08T20:06:21","slug":"o-nas","status":"publish","type":"page","link":"https:\/\/fhperfekt.pl\/?page_id=12","title":{"rendered":"O nas"},"content":{"rendered":"<p><strong>Firma PERFEKT zajmuje si\u0119 sprzeda\u017c\u0105 \u0142o\u017cysk tocznych i \u015blizgowych<\/strong>, <strong>zespo\u0142\u00f3w \u0142o\u017cyskowych<\/strong>, <strong>uszczelnie\u0144<\/strong>, <strong>pas\u00f3w klinowych<\/strong>, <strong>zawiesi<\/strong>, <strong>uszczelnie\u0144 technicznych oraz innych element\u00f3w przenoszenia nap\u0119du<\/strong>. Proponujemy rozwi\u0105zania dla rolnictwa, motoryzacji, g\u00f3rnictwa oraz innych sektor\u00f3w przemys\u0142u. Wieloletnie do\u015bwiadczenie naszych pracownik\u00f3w gwarantuje Klientom fachowe doradztwo i obs\u0142ug\u0119.<\/p>\n<p>Oferujemy pomoc w doborze zamiennik\u00f3w \u0142o\u017cysk wiod\u0105cych producent\u00f3w, kt\u00f3re nie odbiegaj\u0105 jako\u015bci\u0105 od oryginalnych cz\u0119\u015bci.Szeroki asortyment towar\u00f3w oraz liczna i sprawdzona baza dostawc\u00f3w krajowych i zagranicznych pozwalaj\u0105 nam szybko i profesjonalnie zaspokaja\u0107 potrzeby najbardziej wymagaj\u0105cych Klient\u00f3w.<\/p>\n<p>Realizujemy r\u00f3wnie\u017c indywidualne zam\u00f3wienia wed\u0142ug dostarczonej dokumentacji technicznej.Wiedza o oferowanym asortymencie, wieloletnie do\u015bwiadczenie oraz umiej\u0119tno\u015b\u0107 szybkiego reagowania na potrzeby naszych klient\u00f3w, gwarantuj\u0105 sprawn\u0105 obs\u0142ug\u0119, konkurencyjne ceny oraz kr\u00f3tkie terminy realizacji.<\/p>\n<p>Zapraszamy do wsp\u00f3\u0142pracy.<\/p>\n","protected":false},"excerpt":{"rendered":"<p>Firma PERFEKT zajmuje si\u0119 sprzeda\u017c\u0105 \u0142o\u017cysk tocznych i \u015blizgowych, zespo\u0142\u00f3w \u0142o\u017cyskowych, uszczelnie\u0144, pas\u00f3w klinowych, zawiesi, uszczelnie\u0144 technicznych oraz innych element\u00f3w przenoszenia nap\u0119du. Proponujemy rozwi\u0105zania dla rolnictwa, motoryzacji, g\u00f3rnictwa oraz innych sektor\u00f3w przemys\u0142u. Wieloletnie do\u015bwiadczenie naszych pracownik\u00f3w gwarantuje Klientom fachowe doradztwo i obs\u0142ug\u0119. Oferujemy pomoc w doborze zamiennik\u00f3w \u0142o\u017cysk wiod\u0105cych producent\u00f3w, kt\u00f3re nie odbiegaj\u0105 jako\u015bci\u0105 od [&hellip;]<\/p>\n","protected":false},"author":2,"featured_media":0,"parent":0,"menu_order":0,"comment_status":"closed","ping_status":"closed","template":"","meta":[],"_links":{"self":[{"href":"https:\/\/fhperfekt.pl\/index.php?rest_route=\/wp\/v2\/pages\/12"}],"collection":[{"href":"https:\/\/fhperfekt.pl\/index.php?rest_route=\/wp\/v2\/pages"}],"about":[{"href":"https:\/\/fhperfekt.pl\/index.php?rest_route=\/wp\/v2\/types\/page"}],"author":[{"embeddable":true,"href":"https:\/\/fhperfekt.pl\/index.php?rest_route=\/wp\/v2\/users\/2"}],"replies":[{"embeddable":true,"href":"https:\/\/fhperfekt.pl\/index.php?rest_route=%2Fwp%2Fv2%2Fcomments&post=12"}],"version-history":[{"count":0,"href":"https:\/\/fhperfekt.pl\/index.php?rest_route=\/wp\/v2\/pages\/12\/revisions"}],"wp:attachment":[{"href":"https:\/\/fhperfekt.pl\/index.php?rest_route=%2Fwp%2Fv2%2Fmedia&parent=12"}],"curies":[{"name":"wp","href":"https:\/\/api.w.org\/{rel}","templated":true}]}}